{"id":2464,"date":"2020-05-20T14:48:25","date_gmt":"2020-05-20T18:48:25","guid":{"rendered":"https:\/\/e-impaqc.com\/?page_id=2464"},"modified":"2020-08-16T21:57:52","modified_gmt":"2020-08-17T01:57:52","slug":"disclaimer","status":"publish","type":"page","link":"https:\/\/e-impaqc.com\/fr\/clause-de-non-responsabilite\/","title":{"rendered":"Avis de non-responsabilit\u00e9"},"content":{"rendered":"<div data-elementor-type=\"wp-page\" data-elementor-id=\"2464\" class=\"elementor elementor-2464\">\n\t\t\t\t\t\t<section class=\"elementor-section elementor-top-section elementor-element elementor-element-10d4008a elementor-section-boxed elementor-section-height-default elementor-section-height-default\" data-id=\"10d4008a\" data-element_type=\"section\" data-e-type=\"section\">\n\t\t\t\t\t\t<div class=\"elementor-container elementor-column-gap-default\">\n\t\t\t\t\t<div class=\"elementor-column elementor-col-100 elementor-top-column elementor-element elementor-element-3cd63c24\" data-id=\"3cd63c24\" data-element_type=\"column\" data-e-type=\"column\">\n\t\t\t<div class=\"elementor-widget-wrap elementor-element-populated\">\n\t\t\t\t\t\t<div class=\"elementor-element elementor-element-358cc7a0 elementor-widget elementor-widget-spacer\" data-id=\"358cc7a0\" data-element_type=\"widget\" data-e-type=\"widget\" data-widget_type=\"spacer.default\">\n\t\t\t\t<div class=\"elementor-widget-container\">\n\t\t\t\t\t\t\t<div class=\"elementor-spacer\">\n\t\t\t<div class=\"elementor-spacer-inner\"><\/div>\n\t\t<\/div>\n\t\t\t\t\t\t<\/div>\n\t\t\t\t<\/div>\n\t\t\t\t\t<\/div>\n\t\t<\/div>\n\t\t\t\t\t<\/div>\n\t\t<\/section>\n\t\t\t\t<section class=\"elementor-section elementor-top-section elementor-element elementor-element-29e0f7d1 elementor-section-boxed elementor-section-height-default elementor-section-height-default\" data-id=\"29e0f7d1\" data-element_type=\"section\" data-e-type=\"section\">\n\t\t\t\t\t\t<div class=\"elementor-container elementor-column-gap-default\">\n\t\t\t\t\t<div class=\"elementor-column elementor-col-100 elementor-top-column elementor-element elementor-element-2ac93ccc\" data-id=\"2ac93ccc\" data-element_type=\"column\" data-e-type=\"column\">\n\t\t\t<div class=\"elementor-widget-wrap elementor-element-populated\">\n\t\t\t\t\t\t<div class=\"elementor-element elementor-element-747d72cd elementor-widget elementor-widget-heading\" data-id=\"747d72cd\" data-element_type=\"widget\" data-e-type=\"widget\" data-widget_type=\"heading.default\">\n\t\t\t\t<div class=\"elementor-widget-container\">\n\t\t\t\t\t<h2 class=\"elementor-heading-title elementor-size-xl\">Avis de non-responsabilit\u00e9<\/h2>\t\t\t\t<\/div>\n\t\t\t\t<\/div>\n\t\t\t\t\t<\/div>\n\t\t<\/div>\n\t\t\t\t\t<\/div>\n\t\t<\/section>\n\t\t\t\t<section class=\"elementor-section elementor-top-section elementor-element elementor-element-57cd7cb4 elementor-section-boxed elementor-section-height-default elementor-section-height-default\" data-id=\"57cd7cb4\" data-element_type=\"section\" data-e-type=\"section\">\n\t\t\t\t\t\t<div class=\"elementor-container elementor-column-gap-default\">\n\t\t\t\t\t<div class=\"elementor-column elementor-col-100 elementor-top-column elementor-element elementor-element-31b64f21\" data-id=\"31b64f21\" data-element_type=\"column\" data-e-type=\"column\">\n\t\t\t<div class=\"elementor-widget-wrap elementor-element-populated\">\n\t\t\t\t\t\t<div class=\"elementor-element elementor-element-42b9a0b3 elementor-widget elementor-widget-text-editor\" data-id=\"42b9a0b3\" data-element_type=\"widget\" data-e-type=\"widget\" data-widget_type=\"text-editor.default\">\n\t\t\t\t<div class=\"elementor-widget-container\">\n\t\t\t\t\t\t\t\t\t<p>L\u2019information contenue sur ce site Web est seulement \u00e0 titre informatif et ne remplace pas les conseils professionnels d\u2019un m\u00e9decin ou les soins d\u2019un professionnel de la sant\u00e9. Il ne vise pas \u00e0 donner des conseils pr\u00e9cis et ne devrait pas \u00eatre consult\u00e9 dans cette optique. Notamment, le site Web et l\u2019information qu\u2019il contient ne remplacent pas une consultation avec un m\u00e9decin qualifi\u00e9 ou un autre professionnel de la sant\u00e9. Vous devriez toujours consulter un professionnel de la sant\u00e9 qualifi\u00e9 pour vos questions m\u00e9dicales personnelles ou avant de prendre ou non toute mesure sur la base du contenu de ce site Web.<\/p><p>L\u2019information m\u00e9dicale change constamment. En cons\u00e9quence, l\u2019information contenue sur ce site Web ou sur les liens qu\u2019il contient ne devrait pas \u00eatre consid\u00e9r\u00e9e \u00e0 jour, compl\u00e8te ou exhaustive. Vous ne devez pas vous fier sur cette information pour recommander un traitement, que ce soit pour vous ou une autre personne. L\u2019utilisation de l\u2019information fournie sur ce site Web ou tout autre lien est \u00e0 vos propres risques. e-IMPAQc et Dre Sylvie Lambert d\u00e9clinent toute responsabilit\u00e9 pour toutes r\u00e9clamations, pertes ou dommages (directs ou indirects) \u00e0 toute personne qui se r\u00e9f\u00e8re au contenu de ce site Web. e IMPAQc et Dre Sylvie Lambert ne sont pas responsables du contenu sur le site Web provenant d\u2019un tiers ou de tout autre lien sur le site Web de ce dernier.<\/p><p>Nous ne cautionnons aucun test, produit, processus, fournisseur de services, di\u00e8te sp\u00e9cifique ou toute autre information pouvant \u00eatre mentionn\u00e9s sur ce site Web ou sur les liens qu\u2019il contient.<\/p><p>Aucun conseil ou information obtenu aupr\u00e8s de Dre Sylvie Lambert par le biais du site Web, que ce soit verbalement ou par \u00e9crit, ne constitue une garantie ou une autre obligation sauf si elle est express\u00e9ment indiqu\u00e9e dans les Conditions d\u2019utilisation et la pr\u00e9sente Clause de non-responsabilit\u00e9.<\/p>\t\t\t\t\t\t\t\t<\/div>\n\t\t\t\t<\/div>\n\t\t\t\t\t<\/div>\n\t\t<\/div>\n\t\t\t\t\t<\/div>\n\t\t<\/section>\n\t\t\t\t<section class=\"elementor-section elementor-top-section elementor-element elementor-element-164a7d40 elementor-section-boxed elementor-section-height-default elementor-section-height-default\" data-id=\"164a7d40\" data-element_type=\"section\" data-e-type=\"section\">\n\t\t\t\t\t\t<div class=\"elementor-container elementor-column-gap-default\">\n\t\t\t\t\t<div class=\"elementor-column elementor-col-100 elementor-top-column elementor-element elementor-element-577d8298\" data-id=\"577d8298\" data-element_type=\"column\" data-e-type=\"column\">\n\t\t\t<div class=\"elementor-widget-wrap elementor-element-populated\">\n\t\t\t\t\t\t<div class=\"elementor-element elementor-element-51ed7639 elementor-widget elementor-widget-heading\" data-id=\"51ed7639\" data-element_type=\"widget\" data-e-type=\"widget\" data-widget_type=\"heading.default\">\n\t\t\t\t<div class=\"elementor-widget-container\">\n\t\t\t\t\t<p class=\"elementor-heading-title elementor-size-default\">Derni\u00e8re mise \u00e0 jour : 13 mai 2020<\/p>\t\t\t\t<\/div>\n\t\t\t\t<\/div>\n\t\t\t\t\t<\/div>\n\t\t<\/div>\n\t\t\t\t\t<\/div>\n\t\t<\/section>\n\t\t\t\t<\/div>","protected":false},"excerpt":{"rendered":"<p>Disclaimer The information on this website is for informational purposes only and is not intended to replace professional medical advice or care from a health care professional. It is not set up to provide specific advice on which you should rely. In particular, the Website and the information which may be accessed through it is [&hellip;]<\/p>\n","protected":false},"author":1,"featured_media":0,"parent":0,"menu_order":0,"comment_status":"closed","ping_status":"closed","template":"","meta":{"_monsterinsights_skip_tracking":false,"_monsterinsights_sitenote_active":false,"_monsterinsights_sitenote_note":"","_monsterinsights_sitenote_category":0,"ocean_post_layout":"full-width","ocean_both_sidebars_style":"","ocean_both_sidebars_content_width":0,"ocean_both_sidebars_sidebars_width":0,"ocean_sidebar":"0","ocean_second_sidebar":"0","ocean_disable_margins":"on","ocean_add_body_class":"","ocean_shortcode_before_top_bar":"","ocean_shortcode_after_top_bar":"","ocean_shortcode_before_header":"","ocean_shortcode_after_header":"","ocean_has_shortcode":"","ocean_shortcode_after_title":"","ocean_shortcode_before_footer_widgets":"","ocean_shortcode_after_footer_widgets":"","ocean_shortcode_before_footer_bottom":"","ocean_shortcode_after_footer_bottom":"","ocean_display_top_bar":"off","ocean_display_header":"default","ocean_header_style":"","ocean_center_header_left_menu":"0","ocean_custom_header_template":"0","ocean_custom_logo":0,"ocean_custom_retina_logo":0,"ocean_custom_logo_max_width":0,"ocean_custom_logo_tablet_max_width":0,"ocean_custom_logo_mobile_max_width":0,"ocean_custom_logo_max_height":0,"ocean_custom_logo_tablet_max_height":0,"ocean_custom_logo_mobile_max_height":0,"ocean_header_custom_menu":"0","ocean_menu_typo_font_family":"0","ocean_menu_typo_font_subset":"","ocean_menu_typo_font_size":0,"ocean_menu_typo_font_size_tablet":0,"ocean_menu_typo_font_size_mobile":0,"ocean_menu_typo_font_size_unit":"px","ocean_menu_typo_font_weight":"","ocean_menu_typo_font_weight_tablet":"","ocean_menu_typo_font_weight_mobile":"","ocean_menu_typo_transform":"","ocean_menu_typo_transform_tablet":"","ocean_menu_typo_transform_mobile":"","ocean_menu_typo_line_height":0,"ocean_menu_typo_line_height_tablet":0,"ocean_menu_typo_line_height_mobile":0,"ocean_menu_typo_line_height_unit":"","ocean_menu_typo_spacing":0,"ocean_menu_typo_spacing_tablet":0,"ocean_menu_typo_spacing_mobile":0,"ocean_menu_typo_spacing_unit":"","ocean_menu_link_color":"","ocean_menu_link_color_hover":"","ocean_menu_link_color_active":"","ocean_menu_link_background":"","ocean_menu_link_hover_background":"","ocean_menu_link_active_background":"","ocean_menu_social_links_bg":"","ocean_menu_social_hover_links_bg":"","ocean_menu_social_links_color":"","ocean_menu_social_hover_links_color":"","ocean_disable_title":"on","ocean_disable_heading":"default","ocean_post_title":"","ocean_post_subheading":"","ocean_post_title_style":"","ocean_post_title_background_color":"","ocean_post_title_background":0,"ocean_post_title_bg_image_position":"","ocean_post_title_bg_image_attachment":"","ocean_post_title_bg_image_repeat":"","ocean_post_title_bg_image_size":"","ocean_post_title_height":0,"ocean_post_title_bg_overlay":0.5,"ocean_post_title_bg_overlay_color":"","ocean_disable_breadcrumbs":"default","ocean_breadcrumbs_color":"","ocean_breadcrumbs_separator_color":"","ocean_breadcrumbs_links_color":"","ocean_breadcrumbs_links_hover_color":"","ocean_display_footer_widgets":"default","ocean_display_footer_bottom":"default","ocean_custom_footer_template":"0","footnotes":""},"class_list":["post-2464","page","type-page","status-publish","hentry","entry"],"yoast_head":"<!-- This site is optimized with the Yoast SEO plugin v27.4 - https:\/\/yoast.com\/product\/yoast-seo-wordpress\/ -->\n<title>Disclaimer - e-IMPAQc<\/title>\n<meta name=\"robots\" content=\"index, follow, max-snippet:-1, max-image-preview:large, max-video-preview:-1\" \/>\n<link rel=\"canonical\" href=\"https:\/\/e-impaqc.com\/fr\/clause-de-non-responsabilite\/\" \/>\n<meta property=\"og:locale\" content=\"fr_CA\" \/>\n<meta property=\"og:type\" content=\"article\" \/>\n<meta property=\"og:title\" content=\"Disclaimer - e-IMPAQc\" \/>\n<meta property=\"og:description\" content=\"Disclaimer The information on this website is for informational purposes only and is not intended to replace professional medical advice or care from a health care professional. It is not set up to provide specific advice on which you should rely. In particular, the Website and the information which may be accessed through it is [&hellip;]\" \/>\n<meta property=\"og:url\" content=\"https:\/\/e-impaqc.com\/fr\/clause-de-non-responsabilite\/\" \/>\n<meta property=\"og:site_name\" content=\"e-IMPAQc\" \/>\n<meta property=\"article:publisher\" content=\"https:\/\/www.facebook.com\/eIMPAQc\/\" \/>\n<meta property=\"article:modified_time\" content=\"2020-08-17T01:57:52+00:00\" \/>\n<meta property=\"og:image\" content=\"https:\/\/e-impaqc.com\/wp-content\/uploads\/2019\/11\/e-IMPAQc_logo_high_def_1.png\" \/>\n\t<meta property=\"og:image:width\" content=\"2000\" \/>\n\t<meta property=\"og:image:height\" content=\"2170\" \/>\n\t<meta property=\"og:image:type\" content=\"image\/png\" \/>\n<meta name=\"twitter:card\" content=\"summary_large_image\" \/>\n<meta name=\"twitter:site\" content=\"@eIMPAQc\" \/>\n<meta name=\"twitter:label1\" content=\"Est. reading time\" \/>\n\t<meta name=\"twitter:data1\" content=\"1 minute\" \/>\n<script type=\"application\/ld+json\" class=\"yoast-schema-graph\">{\"@context\":\"https:\\\/\\\/schema.org\",\"@graph\":[{\"@type\":\"WebPage\",\"@id\":\"https:\\\/\\\/e-impaqc.com\\\/disclaimer\\\/\",\"url\":\"https:\\\/\\\/e-impaqc.com\\\/disclaimer\\\/\",\"name\":\"Disclaimer - e-IMPAQc\",\"isPartOf\":{\"@id\":\"https:\\\/\\\/e-impaqc.com\\\/fr\\\/#website\"},\"datePublished\":\"2020-05-20T18:48:25+00:00\",\"dateModified\":\"2020-08-17T01:57:52+00:00\",\"breadcrumb\":{\"@id\":\"https:\\\/\\\/e-impaqc.com\\\/disclaimer\\\/#breadcrumb\"},\"inLanguage\":\"fr-CA\",\"potentialAction\":[{\"@type\":\"ReadAction\",\"target\":[\"https:\\\/\\\/e-impaqc.com\\\/disclaimer\\\/\"]}]},{\"@type\":\"BreadcrumbList\",\"@id\":\"https:\\\/\\\/e-impaqc.com\\\/disclaimer\\\/#breadcrumb\",\"itemListElement\":[{\"@type\":\"ListItem\",\"position\":1,\"name\":\"Home\",\"item\":\"https:\\\/\\\/e-impaqc.com\\\/\"},{\"@type\":\"ListItem\",\"position\":2,\"name\":\"Disclaimer\"}]},{\"@type\":\"WebSite\",\"@id\":\"https:\\\/\\\/e-impaqc.com\\\/fr\\\/#website\",\"url\":\"https:\\\/\\\/e-impaqc.com\\\/fr\\\/\",\"name\":\"e-IMPAQc\",\"description\":\"Tools to monitor symptoms of cancer\",\"publisher\":{\"@id\":\"https:\\\/\\\/e-impaqc.com\\\/fr\\\/#organization\"},\"potentialAction\":[{\"@type\":\"SearchAction\",\"target\":{\"@type\":\"EntryPoint\",\"urlTemplate\":\"https:\\\/\\\/e-impaqc.com\\\/fr\\\/?s={search_term_string}\"},\"query-input\":{\"@type\":\"PropertyValueSpecification\",\"valueRequired\":true,\"valueName\":\"search_term_string\"}}],\"inLanguage\":\"fr-CA\"},{\"@type\":\"Organization\",\"@id\":\"https:\\\/\\\/e-impaqc.com\\\/fr\\\/#organization\",\"name\":\"e-IMPAQc\",\"url\":\"https:\\\/\\\/e-impaqc.com\\\/fr\\\/\",\"logo\":{\"@type\":\"ImageObject\",\"inLanguage\":\"fr-CA\",\"@id\":\"https:\\\/\\\/e-impaqc.com\\\/fr\\\/#\\\/schema\\\/logo\\\/image\\\/\",\"url\":\"https:\\\/\\\/e-impaqc.com\\\/wp-content\\\/uploads\\\/2019\\\/11\\\/e-IMPAQc_logo_high_def_1.png\",\"contentUrl\":\"https:\\\/\\\/e-impaqc.com\\\/wp-content\\\/uploads\\\/2019\\\/11\\\/e-IMPAQc_logo_high_def_1.png\",\"width\":2000,\"height\":2170,\"caption\":\"e-IMPAQc\"},\"image\":{\"@id\":\"https:\\\/\\\/e-impaqc.com\\\/fr\\\/#\\\/schema\\\/logo\\\/image\\\/\"},\"sameAs\":[\"https:\\\/\\\/www.facebook.com\\\/eIMPAQc\\\/\",\"https:\\\/\\\/x.com\\\/eIMPAQc\"]}]}<\/script>\n<!-- \/ Yoast SEO plugin. -->","yoast_head_json":{"title":"Clause de non-responsabilit\u00e9 - e-IMPAQc","robots":{"index":"index","follow":"follow","max-snippet":"max-snippet:-1","max-image-preview":"max-image-preview:large","max-video-preview":"max-video-preview:-1"},"canonical":"https:\/\/e-impaqc.com\/fr\/clause-de-non-responsabilite\/","og_locale":"fr_CA","og_type":"article","og_title":"Disclaimer - e-IMPAQc","og_description":"Disclaimer The information on this website is for informational purposes only and is not intended to replace professional medical advice or care from a health care professional. It is not set up to provide specific advice on which you should rely. In particular, the Website and the information which may be accessed through it is [&hellip;]","og_url":"https:\/\/e-impaqc.com\/fr\/clause-de-non-responsabilite\/","og_site_name":"e-IMPAQc","article_publisher":"https:\/\/www.facebook.com\/eIMPAQc\/","article_modified_time":"2020-08-17T01:57:52+00:00","og_image":[{"width":2000,"height":2170,"url":"https:\/\/e-impaqc.com\/wp-content\/uploads\/2019\/11\/e-IMPAQc_logo_high_def_1.png","type":"image\/png"}],"twitter_card":"summary_large_image","twitter_site":"@eIMPAQc","twitter_misc":{"Est. reading time":"1 minute"},"schema":{"@context":"https:\/\/schema.org","@graph":[{"@type":"WebPage","@id":"https:\/\/e-impaqc.com\/disclaimer\/","url":"https:\/\/e-impaqc.com\/disclaimer\/","name":"Clause de non-responsabilit\u00e9 - e-IMPAQc","isPartOf":{"@id":"https:\/\/e-impaqc.com\/fr\/#website"},"datePublished":"2020-05-20T18:48:25+00:00","dateModified":"2020-08-17T01:57:52+00:00","breadcrumb":{"@id":"https:\/\/e-impaqc.com\/disclaimer\/#breadcrumb"},"inLanguage":"fr-CA","potentialAction":[{"@type":"ReadAction","target":["https:\/\/e-impaqc.com\/disclaimer\/"]}]},{"@type":"BreadcrumbList","@id":"https:\/\/e-impaqc.com\/disclaimer\/#breadcrumb","itemListElement":[{"@type":"ListItem","position":1,"name":"Home","item":"https:\/\/e-impaqc.com\/"},{"@type":"ListItem","position":2,"name":"Disclaimer"}]},{"@type":"WebSite","@id":"https:\/\/e-impaqc.com\/fr\/#website","url":"https:\/\/e-impaqc.com\/fr\/","name":"e-IMPAQc","description":"Tools to monitor symptoms of cancer","publisher":{"@id":"https:\/\/e-impaqc.com\/fr\/#organization"},"potentialAction":[{"@type":"SearchAction","target":{"@type":"EntryPoint","urlTemplate":"https:\/\/e-impaqc.com\/fr\/?s={search_term_string}"},"query-input":{"@type":"PropertyValueSpecification","valueRequired":true,"valueName":"search_term_string"}}],"inLanguage":"fr-CA"},{"@type":"Organization","@id":"https:\/\/e-impaqc.com\/fr\/#organization","name":"e-IMPAQc","url":"https:\/\/e-impaqc.com\/fr\/","logo":{"@type":"ImageObject","inLanguage":"fr-CA","@id":"https:\/\/e-impaqc.com\/fr\/#\/schema\/logo\/image\/","url":"https:\/\/e-impaqc.com\/wp-content\/uploads\/2019\/11\/e-IMPAQc_logo_high_def_1.png","contentUrl":"https:\/\/e-impaqc.com\/wp-content\/uploads\/2019\/11\/e-IMPAQc_logo_high_def_1.png","width":2000,"height":2170,"caption":"e-IMPAQc"},"image":{"@id":"https:\/\/e-impaqc.com\/fr\/#\/schema\/logo\/image\/"},"sameAs":["https:\/\/www.facebook.com\/eIMPAQc\/","https:\/\/x.com\/eIMPAQc"]}]}},"_links":{"self":[{"href":"https:\/\/e-impaqc.com\/fr\/wp-json\/wp\/v2\/pages\/2464","targetHints":{"allow":["GET"]}}],"collection":[{"href":"https:\/\/e-impaqc.com\/fr\/wp-json\/wp\/v2\/pages"}],"about":[{"href":"https:\/\/e-impaqc.com\/fr\/wp-json\/wp\/v2\/types\/page"}],"author":[{"embeddable":true,"href":"https:\/\/e-impaqc.com\/fr\/wp-json\/wp\/v2\/users\/1"}],"replies":[{"embeddable":true,"href":"https:\/\/e-impaqc.com\/fr\/wp-json\/wp\/v2\/comments?post=2464"}],"version-history":[{"count":3,"href":"https:\/\/e-impaqc.com\/fr\/wp-json\/wp\/v2\/pages\/2464\/revisions"}],"predecessor-version":[{"id":2467,"href":"https:\/\/e-impaqc.com\/fr\/wp-json\/wp\/v2\/pages\/2464\/revisions\/2467"}],"wp:attachment":[{"href":"https:\/\/e-impaqc.com\/fr\/wp-json\/wp\/v2\/media?parent=2464"}],"curies":[{"name":"wp","href":"https:\/\/api.w.org\/{rel}","templated":true}]}}