{"id":6514,"date":"2022-03-29T10:49:11","date_gmt":"2022-03-29T14:49:11","guid":{"rendered":"https:\/\/e-impaqc.com\/?page_id=6514"},"modified":"2022-03-29T15:02:39","modified_gmt":"2022-03-29T19:02:39","slug":"lung-study","status":"publish","type":"page","link":"https:\/\/e-impaqc.com\/fr\/etude-poumon\/","title":{"rendered":"Lung study"},"content":{"rendered":"<div data-elementor-type=\"wp-page\" data-elementor-id=\"6514\" class=\"elementor elementor-6514\">\n\t\t\t\t\t\t<section class=\"elementor-section elementor-top-section elementor-element elementor-element-dc52c41 elementor-section-stretched elementor-section-full_width elementor-section-height-default elementor-section-height-default\" data-id=\"dc52c41\" data-element_type=\"section\" data-e-type=\"section\" data-settings=\"{&quot;background_background&quot;:&quot;classic&quot;,&quot;stretch_section&quot;:&quot;section-stretched&quot;}\">\n\t\t\t\t\t\t<div class=\"elementor-container elementor-column-gap-default\">\n\t\t\t\t\t<div class=\"elementor-column elementor-col-66 elementor-top-column elementor-element elementor-element-cc0676e\" data-id=\"cc0676e\" data-element_type=\"column\" data-e-type=\"column\" data-settings=\"{&quot;background_background&quot;:&quot;gradient&quot;}\">\n\t\t\t<div class=\"elementor-widget-wrap elementor-element-populated\">\n\t\t\t\t\t\t<div class=\"elementor-element elementor-element-0795802 elementor-widget elementor-widget-heading\" data-id=\"0795802\" data-element_type=\"widget\" data-e-type=\"widget\" data-widget_type=\"heading.default\">\n\t\t\t\t<div class=\"elementor-widget-container\">\n\t\t\t\t\t<h1 class=\"elementor-heading-title elementor-size-default\">\u00c9tude pour des patients atteints d'un cancer du poumon<\/h1>\t\t\t\t<\/div>\n\t\t\t\t<\/div>\n\t\t\t\t<div class=\"elementor-element elementor-element-c68ede1 elementor-widget elementor-widget-text-editor\" data-id=\"c68ede1\" data-element_type=\"widget\" data-e-type=\"widget\" data-widget_type=\"text-editor.default\">\n\t\t\t\t<div class=\"elementor-widget-container\">\n\t\t\t\t\t\t\t\t\t<p>Vos commentaires nous aideront \u00e0 adapter le programme e-IMPAQc aux patients diagnostiqu\u00e9s avec un cancer du poumon.<\/p>\t\t\t\t\t\t\t\t<\/div>\n\t\t\t\t<\/div>\n\t\t\t\t\t<\/div>\n\t\t<\/div>\n\t\t\t\t<div class=\"elementor-column elementor-col-33 elementor-top-column elementor-element elementor-element-bfe5f0f\" data-id=\"bfe5f0f\" data-element_type=\"column\" data-e-type=\"column\">\n\t\t\t<div class=\"elementor-widget-wrap elementor-element-populated\">\n\t\t\t\t\t\t<div class=\"elementor-element elementor-element-49e9306 elementor-widget elementor-widget-image\" data-id=\"49e9306\" data-element_type=\"widget\" data-e-type=\"widget\" data-widget_type=\"image.default\">\n\t\t\t\t<div class=\"elementor-widget-container\">\n\t\t\t\t\t\t\t\t\t\t\t\t\t\t\t<img decoding=\"async\" src=\"https:\/\/e-impaqc.com\/wp-content\/uploads\/elementor\/thumbs\/lung_study-pml2h1y2u8o789v4eurhno66u2g0w3o6q5gddwhvy8.png\" title=\"lung_study\" alt=\"lung_study\" loading=\"lazy\" \/>\t\t\t\t\t\t\t\t\t\t\t\t\t\t\t<\/div>\n\t\t\t\t<\/div>\n\t\t\t\t\t<\/div>\n\t\t<\/div>\n\t\t\t\t\t<\/div>\n\t\t<\/section>\n\t\t\t\t<section class=\"elementor-section elementor-top-section elementor-element elementor-element-c9ee7b3 elementor-section-boxed elementor-section-height-default elementor-section-height-default\" data-id=\"c9ee7b3\" data-element_type=\"section\" data-e-type=\"section\">\n\t\t\t\t\t\t<div class=\"elementor-container elementor-column-gap-default\">\n\t\t\t\t\t<div class=\"elementor-column elementor-col-100 elementor-top-column elementor-element elementor-element-8669a6a\" data-id=\"8669a6a\" data-element_type=\"column\" data-e-type=\"column\">\n\t\t\t<div class=\"elementor-widget-wrap elementor-element-populated\">\n\t\t\t\t\t\t<div class=\"elementor-element elementor-element-c83d070 elementor-widget elementor-widget-spacer\" data-id=\"c83d070\" data-element_type=\"widget\" data-e-type=\"widget\" data-widget_type=\"spacer.default\">\n\t\t\t\t<div class=\"elementor-widget-container\">\n\t\t\t\t\t\t\t<div class=\"elementor-spacer\">\n\t\t\t<div class=\"elementor-spacer-inner\"><\/div>\n\t\t<\/div>\n\t\t\t\t\t\t<\/div>\n\t\t\t\t<\/div>\n\t\t\t\t\t<\/div>\n\t\t<\/div>\n\t\t\t\t\t<\/div>\n\t\t<\/section>\n\t\t\t\t<section class=\"elementor-section elementor-top-section elementor-element elementor-element-13540a8 elementor-section-boxed elementor-section-height-default elementor-section-height-default\" data-id=\"13540a8\" data-element_type=\"section\" data-e-type=\"section\">\n\t\t\t\t\t\t<div class=\"elementor-container elementor-column-gap-default\">\n\t\t\t\t\t<div class=\"elementor-column elementor-col-33 elementor-top-column elementor-element elementor-element-2e10d54\" data-id=\"2e10d54\" data-element_type=\"column\" data-e-type=\"column\">\n\t\t\t<div class=\"elementor-widget-wrap elementor-element-populated\">\n\t\t\t\t\t\t<div class=\"elementor-element elementor-element-8355fd7 elementor-widget elementor-widget-text-editor\" data-id=\"8355fd7\" data-element_type=\"widget\" data-e-type=\"widget\" data-widget_type=\"text-editor.default\">\n\t\t\t\t<div class=\"elementor-widget-container\">\n\t\t\t\t\t\t\t\t\t<p><strong>Qui peut participer ? <\/strong>Toute personne ayant re\u00e7u un diagnostic de cancer.<\/p><p><strong>\u00c2ge :<\/strong> 18+<\/p><p><strong>Lieu :<\/strong> Qu\u00e9bec (Canada)<\/p><p><strong>Indemnisation :<\/strong> $30<\/p>\t\t\t\t\t\t\t\t<\/div>\n\t\t\t\t<\/div>\n\t\t\t\t<div class=\"elementor-element elementor-element-530499f elementor-align-left elementor-widget elementor-widget-button\" data-id=\"530499f\" data-element_type=\"widget\" data-e-type=\"widget\" data-widget_type=\"button.default\">\n\t\t\t\t<div class=\"elementor-widget-container\">\n\t\t\t\t\t\t\t\t\t<div class=\"elementor-button-wrapper\">\n\t\t\t\t\t<a class=\"elementor-button elementor-button-link elementor-size-lg\" href=\"mailto:e-impaqc@mcgill.ca\">\n\t\t\t\t\t\t<span class=\"elementor-button-content-wrapper\">\n\t\t\t\t\t\t\t\t\t<span class=\"elementor-button-text\">Contactez-nous pour participer<\/span>\n\t\t\t\t\t<\/span>\n\t\t\t\t\t<\/a>\n\t\t\t\t<\/div>\n\t\t\t\t\t\t\t\t<\/div>\n\t\t\t\t<\/div>\n\t\t\t\t\t<\/div>\n\t\t<\/div>\n\t\t\t\t<div class=\"elementor-column elementor-col-66 elementor-top-column elementor-element elementor-element-2389abe\" data-id=\"2389abe\" data-element_type=\"column\" data-e-type=\"column\">\n\t\t\t<div class=\"elementor-widget-wrap elementor-element-populated\">\n\t\t\t\t\t\t<div class=\"elementor-element elementor-element-413bea6 elementor-widget elementor-widget-text-editor\" data-id=\"413bea6\" data-element_type=\"widget\" data-e-type=\"widget\" data-widget_type=\"text-editor.default\">\n\t\t\t\t<div class=\"elementor-widget-container\">\n\t\t\t\t\t\t\t\t\t<div class=\"page\" title=\"Page 1\"><div class=\"section\"><div class=\"layoutArea\"><div class=\"column\"><p>Le cancer et son traitement peuvent causer des effets secondaires physiques ou des cons\u00e9quences \u00e9motionnelles. Il peut parfois \u00eatre difficile pour les patients et les professionnels de la sant\u00e9 de reconna\u00eetre ces sympt\u00f4mes.<\/p><p>L'\u00e9quipe du projet e-IMPAQc \u00e9labore un programme d'aide \u00e0 l'identification des sympt\u00f4mes et \u00e0 leur gestion.<\/p><ul><li>Les patients pourront remplir des questionnaires sur un smartphone ou un tablette qui saisiront les effets secondaires et les cons\u00e9quences qu'ils ressentent.<\/li><li><p>Les patients et leur \u00e9quipe soignante recevront un r\u00e9sum\u00e9 des r\u00e9sultats de ces questionnaires.<\/p><\/li><li><p>Les patients pourront recevoir du mat\u00e9riel \u00e9ducatif qui pourrait les aider \u00e0 g\u00e9rer leurs sympt\u00f4mes.<\/p><\/li><\/ul><\/div><\/div><\/div><\/div>\t\t\t\t\t\t\t\t<\/div>\n\t\t\t\t<\/div>\n\t\t\t\t<section class=\"elementor-section elementor-inner-section elementor-element elementor-element-a1a4398 elementor-section-boxed elementor-section-height-default elementor-section-height-default\" data-id=\"a1a4398\" data-element_type=\"section\" data-e-type=\"section\">\n\t\t\t\t\t\t<div class=\"elementor-container elementor-column-gap-default\">\n\t\t\t\t\t<div class=\"elementor-column elementor-col-100 elementor-inner-column elementor-element elementor-element-586d6d7\" data-id=\"586d6d7\" data-element_type=\"column\" data-e-type=\"column\">\n\t\t\t<div class=\"elementor-widget-wrap elementor-element-populated\">\n\t\t\t\t\t\t<div class=\"elementor-element elementor-element-58f3c34 elementor-widget elementor-widget-heading\" data-id=\"58f3c34\" data-element_type=\"widget\" data-e-type=\"widget\" data-widget_type=\"heading.default\">\n\t\t\t\t<div class=\"elementor-widget-container\">\n\t\t\t\t\t<h2 class=\"elementor-heading-title elementor-size-default\">Qu\u2019est-ce que ma participation implique?<\/h2>\t\t\t\t<\/div>\n\t\t\t\t<\/div>\n\t\t\t\t\t<\/div>\n\t\t<\/div>\n\t\t\t\t\t<\/div>\n\t\t<\/section>\n\t\t\t\t<section class=\"elementor-section elementor-inner-section elementor-element elementor-element-84a2290 elementor-section-boxed elementor-section-height-default elementor-section-height-default\" data-id=\"84a2290\" data-element_type=\"section\" data-e-type=\"section\">\n\t\t\t\t\t\t<div class=\"elementor-container elementor-column-gap-default\">\n\t\t\t\t\t<div class=\"elementor-column elementor-col-100 elementor-inner-column elementor-element elementor-element-0333fdb\" data-id=\"0333fdb\" data-element_type=\"column\" data-e-type=\"column\">\n\t\t\t<div class=\"elementor-widget-wrap elementor-element-populated\">\n\t\t\t\t\t\t<div class=\"elementor-element elementor-element-7ba709f elementor-widget elementor-widget-text-editor\" data-id=\"7ba709f\" data-element_type=\"widget\" data-e-type=\"widget\" data-widget_type=\"text-editor.default\">\n\t\t\t\t<div class=\"elementor-widget-container\">\n\t\t\t\t\t\t\t\t\t<div class=\"page\" title=\"Page 1\"><div class=\"layoutArea\"><div class=\"column\"><p>Nous vous invitons \u00e0 participer \u00e0 une discussion, appel\u00e9e atelier de discussion, avec un membre de l'\u00e9quipe du projet et 4 \u00e0 7 autres patients sur les types d'effets secondaires et les cons\u00e9quences qu\u2019ils seraient, selon vous, important de pouvoir discuter avec votre \u00e9quipe de soins. Cet atelier aura lieu par vid\u00e9oconf\u00e9rence et il durera de 60 \u00e0 90 minutes. Si vous n\u2019\u00eates pas disponible pour l\u2019atelier, un entretien individuel par t\u00e9l\u00e9phone ou par vid\u00e9oconf\u00e9rence est possible.<\/p><\/div><\/div><\/div>\t\t\t\t\t\t\t\t<\/div>\n\t\t\t\t<\/div>\n\t\t\t\t\t<\/div>\n\t\t<\/div>\n\t\t\t\t\t<\/div>\n\t\t<\/section>\n\t\t\t\t<section class=\"elementor-section elementor-inner-section elementor-element elementor-element-177a0ad elementor-section-boxed elementor-section-height-default elementor-section-height-default\" data-id=\"177a0ad\" data-element_type=\"section\" data-e-type=\"section\">\n\t\t\t\t\t\t<div class=\"elementor-container elementor-column-gap-default\">\n\t\t\t\t\t<div class=\"elementor-column elementor-col-100 elementor-inner-column elementor-element elementor-element-dc5e3b6\" data-id=\"dc5e3b6\" data-element_type=\"column\" data-e-type=\"column\">\n\t\t\t<div class=\"elementor-widget-wrap elementor-element-populated\">\n\t\t\t\t\t\t<div class=\"elementor-element elementor-element-7c01d96 elementor-widget elementor-widget-heading\" data-id=\"7c01d96\" data-element_type=\"widget\" data-e-type=\"widget\" data-widget_type=\"heading.default\">\n\t\t\t\t<div class=\"elementor-widget-container\">\n\t\t\t\t\t<h2 class=\"elementor-heading-title elementor-size-default\">Quels sont les avantages \u00e0\nparticiper ?<\/h2>\t\t\t\t<\/div>\n\t\t\t\t<\/div>\n\t\t\t\t\t<\/div>\n\t\t<\/div>\n\t\t\t\t\t<\/div>\n\t\t<\/section>\n\t\t\t\t<section class=\"elementor-section elementor-inner-section elementor-element elementor-element-77d305a elementor-section-boxed elementor-section-height-default elementor-section-height-default\" data-id=\"77d305a\" data-element_type=\"section\" data-e-type=\"section\">\n\t\t\t\t\t\t<div class=\"elementor-container elementor-column-gap-default\">\n\t\t\t\t\t<div class=\"elementor-column elementor-col-100 elementor-inner-column elementor-element elementor-element-00138e1\" data-id=\"00138e1\" data-element_type=\"column\" data-e-type=\"column\">\n\t\t\t<div class=\"elementor-widget-wrap elementor-element-populated\">\n\t\t\t\t\t\t<div class=\"elementor-element elementor-element-3e56e04 elementor-widget elementor-widget-text-editor\" data-id=\"3e56e04\" data-element_type=\"widget\" data-e-type=\"widget\" data-widget_type=\"text-editor.default\">\n\t\t\t\t<div class=\"elementor-widget-container\">\n\t\t\t\t\t\t\t\t\t<div class=\"page\" title=\"Page 1\"><div class=\"layoutArea\"><div class=\"column\"><p>Votre opinion aidera l'\u00e9quipe du projet \u00e0 identifier les effets secondaires et les cons\u00e9quences subies par les patients atteints de cancer afin que les questionnaires appropri\u00e9s puissent \u00eatre inclus dans notre programme<\/p><\/div><\/div><\/div>\t\t\t\t\t\t\t\t<\/div>\n\t\t\t\t<\/div>\n\t\t\t\t\t<\/div>\n\t\t<\/div>\n\t\t\t\t\t<\/div>\n\t\t<\/section>\n\t\t\t\t\t<\/div>\n\t\t<\/div>\n\t\t\t\t\t<\/div>\n\t\t<\/section>\n\t\t\t\t<\/div>","protected":false},"excerpt":{"rendered":"<p>Study for patients with lung cancer Your feedback will help us tailor the e-IMPAQc program for patients currently diagnosed with lung cancer. Who can participate? Anyone who is living with a cancer diagnosis Age: 18+ Location: Quebec, Canada Compensation: $30 Contact us to participate Cancer and its treatment may cause physical side effects or emotional [&hellip;]<\/p>\n","protected":false},"author":1,"featured_media":0,"parent":0,"menu_order":0,"comment_status":"closed","ping_status":"closed","template":"","meta":{"_monsterinsights_skip_tracking":false,"_monsterinsights_sitenote_active":false,"_monsterinsights_sitenote_note":"","_monsterinsights_sitenote_category":0,"ocean_post_layout":"full-width","ocean_both_sidebars_style":"","ocean_both_sidebars_content_width":0,"ocean_both_sidebars_sidebars_width":0,"ocean_sidebar":"0","ocean_second_sidebar":"0","ocean_disable_margins":"on","ocean_add_body_class":"","ocean_shortcode_before_top_bar":"","ocean_shortcode_after_top_bar":"","ocean_shortcode_before_header":"","ocean_shortcode_after_header":"","ocean_has_shortcode":"","ocean_shortcode_after_title":"","ocean_shortcode_before_footer_widgets":"","ocean_shortcode_after_footer_widgets":"","ocean_shortcode_before_footer_bottom":"","ocean_shortcode_after_footer_bottom":"","ocean_display_top_bar":"off","ocean_display_header":"default","ocean_header_style":"","ocean_center_header_left_menu":"0","ocean_custom_header_template":"0","ocean_custom_logo":0,"ocean_custom_retina_logo":0,"ocean_custom_logo_max_width":0,"ocean_custom_logo_tablet_max_width":0,"ocean_custom_logo_mobile_max_width":0,"ocean_custom_logo_max_height":0,"ocean_custom_logo_tablet_max_height":0,"ocean_custom_logo_mobile_max_height":0,"ocean_header_custom_menu":"0","ocean_menu_typo_font_family":"0","ocean_menu_typo_font_subset":"","ocean_menu_typo_font_size":0,"ocean_menu_typo_font_size_tablet":0,"ocean_menu_typo_font_size_mobile":0,"ocean_menu_typo_font_size_unit":"px","ocean_menu_typo_font_weight":"","ocean_menu_typo_font_weight_tablet":"","ocean_menu_typo_font_weight_mobile":"","ocean_menu_typo_transform":"","ocean_menu_typo_transform_tablet":"","ocean_menu_typo_transform_mobile":"","ocean_menu_typo_line_height":0,"ocean_menu_typo_line_height_tablet":0,"ocean_menu_typo_line_height_mobile":0,"ocean_menu_typo_line_height_unit":"","ocean_menu_typo_spacing":0,"ocean_menu_typo_spacing_tablet":0,"ocean_menu_typo_spacing_mobile":0,"ocean_menu_typo_spacing_unit":"","ocean_menu_link_color":"","ocean_menu_link_color_hover":"","ocean_menu_link_color_active":"","ocean_menu_link_background":"","ocean_menu_link_hover_background":"","ocean_menu_link_active_background":"","ocean_menu_social_links_bg":"","ocean_menu_social_hover_links_bg":"","ocean_menu_social_links_color":"","ocean_menu_social_hover_links_color":"","ocean_disable_title":"on","ocean_disable_heading":"default","ocean_post_title":"","ocean_post_subheading":"","ocean_post_title_style":"","ocean_post_title_background_color":"","ocean_post_title_background":0,"ocean_post_title_bg_image_position":"","ocean_post_title_bg_image_attachment":"","ocean_post_title_bg_image_repeat":"","ocean_post_title_bg_image_size":"","ocean_post_title_height":0,"ocean_post_title_bg_overlay":0.5,"ocean_post_title_bg_overlay_color":"","ocean_disable_breadcrumbs":"default","ocean_breadcrumbs_color":"","ocean_breadcrumbs_separator_color":"","ocean_breadcrumbs_links_color":"","ocean_breadcrumbs_links_hover_color":"","ocean_display_footer_widgets":"default","ocean_display_footer_bottom":"default","ocean_custom_footer_template":"0","footnotes":""},"class_list":["post-6514","page","type-page","status-publish","hentry","entry"],"yoast_head":"<!-- This site is optimized with the Yoast SEO plugin v27.4 - https:\/\/yoast.com\/product\/yoast-seo-wordpress\/ -->\n<title>Lung study - e-IMPAQc<\/title>\n<meta name=\"robots\" content=\"index, follow, max-snippet:-1, max-image-preview:large, max-video-preview:-1\" \/>\n<link rel=\"canonical\" href=\"https:\/\/e-impaqc.com\/fr\/etude-poumon\/\" \/>\n<meta property=\"og:locale\" content=\"fr_CA\" \/>\n<meta property=\"og:type\" content=\"article\" \/>\n<meta property=\"og:title\" content=\"Lung study - e-IMPAQc\" \/>\n<meta property=\"og:description\" content=\"Study for patients with lung cancer Your feedback will help us tailor the e-IMPAQc program for patients currently diagnosed with lung cancer. Who can participate? Anyone who is living with a cancer diagnosis Age: 18+ Location: Quebec, Canada Compensation: $30 Contact us to participate Cancer and its treatment may cause physical side effects or emotional [&hellip;]\" \/>\n<meta property=\"og:url\" content=\"https:\/\/e-impaqc.com\/fr\/etude-poumon\/\" \/>\n<meta property=\"og:site_name\" content=\"e-IMPAQc\" \/>\n<meta property=\"article:publisher\" content=\"https:\/\/www.facebook.com\/eIMPAQc\/\" \/>\n<meta property=\"article:modified_time\" content=\"2022-03-29T19:02:39+00:00\" \/>\n<meta property=\"og:image\" content=\"https:\/\/e-impaqc.com\/wp-content\/uploads\/elementor\/thumbs\/lung_study-pml2h1y2u8o789v4eurhno66u2g0w3o6q5gddwhvy8.png\" \/>\n<meta name=\"twitter:card\" content=\"summary_large_image\" \/>\n<meta name=\"twitter:site\" content=\"@eIMPAQc\" \/>\n<meta name=\"twitter:label1\" content=\"Est. reading time\" \/>\n\t<meta name=\"twitter:data1\" content=\"2 minutes\" \/>\n<script type=\"application\/ld+json\" class=\"yoast-schema-graph\">{\"@context\":\"https:\\\/\\\/schema.org\",\"@graph\":[{\"@type\":\"WebPage\",\"@id\":\"https:\\\/\\\/e-impaqc.com\\\/lung-study\\\/\",\"url\":\"https:\\\/\\\/e-impaqc.com\\\/lung-study\\\/\",\"name\":\"Lung study - e-IMPAQc\",\"isPartOf\":{\"@id\":\"https:\\\/\\\/e-impaqc.com\\\/fr\\\/#website\"},\"primaryImageOfPage\":{\"@id\":\"https:\\\/\\\/e-impaqc.com\\\/lung-study\\\/#primaryimage\"},\"image\":{\"@id\":\"https:\\\/\\\/e-impaqc.com\\\/lung-study\\\/#primaryimage\"},\"thumbnailUrl\":\"https:\\\/\\\/e-impaqc.com\\\/wp-content\\\/uploads\\\/elementor\\\/thumbs\\\/lung_study-pml2h1y2u8o789v4eurhno66u2g0w3o6q5gddwhvy8.png\",\"datePublished\":\"2022-03-29T14:49:11+00:00\",\"dateModified\":\"2022-03-29T19:02:39+00:00\",\"breadcrumb\":{\"@id\":\"https:\\\/\\\/e-impaqc.com\\\/lung-study\\\/#breadcrumb\"},\"inLanguage\":\"fr-CA\",\"potentialAction\":[{\"@type\":\"ReadAction\",\"target\":[\"https:\\\/\\\/e-impaqc.com\\\/lung-study\\\/\"]}]},{\"@type\":\"ImageObject\",\"inLanguage\":\"fr-CA\",\"@id\":\"https:\\\/\\\/e-impaqc.com\\\/lung-study\\\/#primaryimage\",\"url\":\"https:\\\/\\\/e-impaqc.com\\\/wp-content\\\/uploads\\\/elementor\\\/thumbs\\\/lung_study-pml2h1y2u8o789v4eurhno66u2g0w3o6q5gddwhvy8.png\",\"contentUrl\":\"https:\\\/\\\/e-impaqc.com\\\/wp-content\\\/uploads\\\/elementor\\\/thumbs\\\/lung_study-pml2h1y2u8o789v4eurhno66u2g0w3o6q5gddwhvy8.png\"},{\"@type\":\"BreadcrumbList\",\"@id\":\"https:\\\/\\\/e-impaqc.com\\\/lung-study\\\/#breadcrumb\",\"itemListElement\":[{\"@type\":\"ListItem\",\"position\":1,\"name\":\"Home\",\"item\":\"https:\\\/\\\/e-impaqc.com\\\/\"},{\"@type\":\"ListItem\",\"position\":2,\"name\":\"Lung study\"}]},{\"@type\":\"WebSite\",\"@id\":\"https:\\\/\\\/e-impaqc.com\\\/fr\\\/#website\",\"url\":\"https:\\\/\\\/e-impaqc.com\\\/fr\\\/\",\"name\":\"e-IMPAQc\",\"description\":\"Tools to monitor symptoms of cancer\",\"publisher\":{\"@id\":\"https:\\\/\\\/e-impaqc.com\\\/fr\\\/#organization\"},\"potentialAction\":[{\"@type\":\"SearchAction\",\"target\":{\"@type\":\"EntryPoint\",\"urlTemplate\":\"https:\\\/\\\/e-impaqc.com\\\/fr\\\/?s={search_term_string}\"},\"query-input\":{\"@type\":\"PropertyValueSpecification\",\"valueRequired\":true,\"valueName\":\"search_term_string\"}}],\"inLanguage\":\"fr-CA\"},{\"@type\":\"Organization\",\"@id\":\"https:\\\/\\\/e-impaqc.com\\\/fr\\\/#organization\",\"name\":\"e-IMPAQc\",\"url\":\"https:\\\/\\\/e-impaqc.com\\\/fr\\\/\",\"logo\":{\"@type\":\"ImageObject\",\"inLanguage\":\"fr-CA\",\"@id\":\"https:\\\/\\\/e-impaqc.com\\\/fr\\\/#\\\/schema\\\/logo\\\/image\\\/\",\"url\":\"https:\\\/\\\/e-impaqc.com\\\/wp-content\\\/uploads\\\/2019\\\/11\\\/e-IMPAQc_logo_high_def_1.png\",\"contentUrl\":\"https:\\\/\\\/e-impaqc.com\\\/wp-content\\\/uploads\\\/2019\\\/11\\\/e-IMPAQc_logo_high_def_1.png\",\"width\":2000,\"height\":2170,\"caption\":\"e-IMPAQc\"},\"image\":{\"@id\":\"https:\\\/\\\/e-impaqc.com\\\/fr\\\/#\\\/schema\\\/logo\\\/image\\\/\"},\"sameAs\":[\"https:\\\/\\\/www.facebook.com\\\/eIMPAQc\\\/\",\"https:\\\/\\\/x.com\\\/eIMPAQc\"]}]}<\/script>\n<!-- \/ Yoast SEO plugin. -->","yoast_head_json":{"title":"Lung study - e-IMPAQc","robots":{"index":"index","follow":"follow","max-snippet":"max-snippet:-1","max-image-preview":"max-image-preview:large","max-video-preview":"max-video-preview:-1"},"canonical":"https:\/\/e-impaqc.com\/fr\/etude-poumon\/","og_locale":"fr_CA","og_type":"article","og_title":"Lung study - e-IMPAQc","og_description":"Study for patients with lung cancer Your feedback will help us tailor the e-IMPAQc program for patients currently diagnosed with lung cancer. Who can participate? Anyone who is living with a cancer diagnosis Age: 18+ Location: Quebec, Canada Compensation: $30 Contact us to participate Cancer and its treatment may cause physical side effects or emotional [&hellip;]","og_url":"https:\/\/e-impaqc.com\/fr\/etude-poumon\/","og_site_name":"e-IMPAQc","article_publisher":"https:\/\/www.facebook.com\/eIMPAQc\/","article_modified_time":"2022-03-29T19:02:39+00:00","og_image":[{"url":"https:\/\/e-impaqc.com\/wp-content\/uploads\/elementor\/thumbs\/lung_study-pml2h1y2u8o789v4eurhno66u2g0w3o6q5gddwhvy8.png","type":"","width":"","height":""}],"twitter_card":"summary_large_image","twitter_site":"@eIMPAQc","twitter_misc":{"Est. reading time":"2 minutes"},"schema":{"@context":"https:\/\/schema.org","@graph":[{"@type":"WebPage","@id":"https:\/\/e-impaqc.com\/lung-study\/","url":"https:\/\/e-impaqc.com\/lung-study\/","name":"Lung study - e-IMPAQc","isPartOf":{"@id":"https:\/\/e-impaqc.com\/fr\/#website"},"primaryImageOfPage":{"@id":"https:\/\/e-impaqc.com\/lung-study\/#primaryimage"},"image":{"@id":"https:\/\/e-impaqc.com\/lung-study\/#primaryimage"},"thumbnailUrl":"https:\/\/e-impaqc.com\/wp-content\/uploads\/elementor\/thumbs\/lung_study-pml2h1y2u8o789v4eurhno66u2g0w3o6q5gddwhvy8.png","datePublished":"2022-03-29T14:49:11+00:00","dateModified":"2022-03-29T19:02:39+00:00","breadcrumb":{"@id":"https:\/\/e-impaqc.com\/lung-study\/#breadcrumb"},"inLanguage":"fr-CA","potentialAction":[{"@type":"ReadAction","target":["https:\/\/e-impaqc.com\/lung-study\/"]}]},{"@type":"ImageObject","inLanguage":"fr-CA","@id":"https:\/\/e-impaqc.com\/lung-study\/#primaryimage","url":"https:\/\/e-impaqc.com\/wp-content\/uploads\/elementor\/thumbs\/lung_study-pml2h1y2u8o789v4eurhno66u2g0w3o6q5gddwhvy8.png","contentUrl":"https:\/\/e-impaqc.com\/wp-content\/uploads\/elementor\/thumbs\/lung_study-pml2h1y2u8o789v4eurhno66u2g0w3o6q5gddwhvy8.png"},{"@type":"BreadcrumbList","@id":"https:\/\/e-impaqc.com\/lung-study\/#breadcrumb","itemListElement":[{"@type":"ListItem","position":1,"name":"Home","item":"https:\/\/e-impaqc.com\/"},{"@type":"ListItem","position":2,"name":"Lung study"}]},{"@type":"WebSite","@id":"https:\/\/e-impaqc.com\/fr\/#website","url":"https:\/\/e-impaqc.com\/fr\/","name":"e-IMPAQc","description":"Tools to monitor symptoms of cancer","publisher":{"@id":"https:\/\/e-impaqc.com\/fr\/#organization"},"potentialAction":[{"@type":"SearchAction","target":{"@type":"EntryPoint","urlTemplate":"https:\/\/e-impaqc.com\/fr\/?s={search_term_string}"},"query-input":{"@type":"PropertyValueSpecification","valueRequired":true,"valueName":"search_term_string"}}],"inLanguage":"fr-CA"},{"@type":"Organization","@id":"https:\/\/e-impaqc.com\/fr\/#organization","name":"e-IMPAQc","url":"https:\/\/e-impaqc.com\/fr\/","logo":{"@type":"ImageObject","inLanguage":"fr-CA","@id":"https:\/\/e-impaqc.com\/fr\/#\/schema\/logo\/image\/","url":"https:\/\/e-impaqc.com\/wp-content\/uploads\/2019\/11\/e-IMPAQc_logo_high_def_1.png","contentUrl":"https:\/\/e-impaqc.com\/wp-content\/uploads\/2019\/11\/e-IMPAQc_logo_high_def_1.png","width":2000,"height":2170,"caption":"e-IMPAQc"},"image":{"@id":"https:\/\/e-impaqc.com\/fr\/#\/schema\/logo\/image\/"},"sameAs":["https:\/\/www.facebook.com\/eIMPAQc\/","https:\/\/x.com\/eIMPAQc"]}]}},"_links":{"self":[{"href":"https:\/\/e-impaqc.com\/fr\/wp-json\/wp\/v2\/pages\/6514","targetHints":{"allow":["GET"]}}],"collection":[{"href":"https:\/\/e-impaqc.com\/fr\/wp-json\/wp\/v2\/pages"}],"about":[{"href":"https:\/\/e-impaqc.com\/fr\/wp-json\/wp\/v2\/types\/page"}],"author":[{"embeddable":true,"href":"https:\/\/e-impaqc.com\/fr\/wp-json\/wp\/v2\/users\/1"}],"replies":[{"embeddable":true,"href":"https:\/\/e-impaqc.com\/fr\/wp-json\/wp\/v2\/comments?post=6514"}],"version-history":[{"count":15,"href":"https:\/\/e-impaqc.com\/fr\/wp-json\/wp\/v2\/pages\/6514\/revisions"}],"predecessor-version":[{"id":6539,"href":"https:\/\/e-impaqc.com\/fr\/wp-json\/wp\/v2\/pages\/6514\/revisions\/6539"}],"wp:attachment":[{"href":"https:\/\/e-impaqc.com\/fr\/wp-json\/wp\/v2\/media?parent=6514"}],"curies":[{"name":"wp","href":"https:\/\/api.w.org\/{rel}","templated":true}]}}